{"id":811,"date":"2024-12-02T14:29:40","date_gmt":"2024-12-02T14:29:40","guid":{"rendered":"https:\/\/proiectproform.ro\/?page_id=811"},"modified":"2024-12-02T14:29:40","modified_gmt":"2024-12-02T14:29:40","slug":"indicatori","status":"publish","type":"page","link":"https:\/\/proiectproform.ro\/index.php\/indicatori\/","title":{"rendered":"Indicatori"},"content":{"rendered":"\n<figure class=\"wp-block-table\"><table class=\"has-fixed-layout\"><tbody><tr><td colspan=\"3\"><strong>Indicatori de realizare<\/strong><\/td><\/tr><tr><td><strong>Cod&nbsp;<\/strong><\/td><td><strong>Denumire indicator<\/strong><\/td><td><strong>Valoare<\/strong><\/td><\/tr><tr><td>EECO01<\/td><td><strong>Num\u0103r total de participan\u021bi<\/strong><\/td><td>602<\/td><\/tr><\/tbody><\/table><\/figure>\n\n\n\n<figure class=\"wp-block-table\"><table class=\"has-fixed-layout\"><tbody><tr><td colspan=\"3\"><strong>Indicatori de rezultat<\/strong><\/td><\/tr><tr><td><strong>Cod<\/strong><\/td><td><strong>Denumire indicator<\/strong><\/td><td><strong>Valoare<\/strong><\/td><\/tr><tr><td>EECR03<\/td><td><strong>Persoane care dob\u00e2ndesc o calificare la \u00eencetarea calit\u0103\u021bii de participant<\/strong><\/td><td>83<\/td><\/tr><tr><td>5SR01<\/td><td><strong>Participan\u021bi care au finalizat formarea cu certificat\/care au participat la schimb de bune practici\/ instruiri<\/strong><\/td><td>542<\/td><\/tr><\/tbody><\/table><\/figure>\n","protected":false},"excerpt":{"rendered":"<p>Indicatori de realizare Cod&nbsp; Denumire indicator Valoare EECO01 Num\u0103r total de participan\u021bi 602 Indicatori de rezultat Cod Denumire indicator Valoare EECR03 Persoane care dob\u00e2ndesc o calificare la \u00eencetarea calit\u0103\u021bii de participant 83 5SR01 Participan\u021bi care au finalizat formarea cu certificat\/care au participat la schimb de bune practici\/ instruiri 542<\/p>\n","protected":false},"author":1,"featured_media":0,"parent":0,"menu_order":0,"comment_status":"closed","ping_status":"closed","template":"","meta":{"footnotes":""},"class_list":["post-811","page","type-page","status-publish","hentry"],"_links":{"self":[{"href":"https:\/\/proiectproform.ro\/index.php\/wp-json\/wp\/v2\/pages\/811","targetHints":{"allow":["GET"]}}],"collection":[{"href":"https:\/\/proiectproform.ro\/index.php\/wp-json\/wp\/v2\/pages"}],"about":[{"href":"https:\/\/proiectproform.ro\/index.php\/wp-json\/wp\/v2\/types\/page"}],"author":[{"embeddable":true,"href":"https:\/\/proiectproform.ro\/index.php\/wp-json\/wp\/v2\/users\/1"}],"replies":[{"embeddable":true,"href":"https:\/\/proiectproform.ro\/index.php\/wp-json\/wp\/v2\/comments?post=811"}],"version-history":[{"count":1,"href":"https:\/\/proiectproform.ro\/index.php\/wp-json\/wp\/v2\/pages\/811\/revisions"}],"predecessor-version":[{"id":812,"href":"https:\/\/proiectproform.ro\/index.php\/wp-json\/wp\/v2\/pages\/811\/revisions\/812"}],"wp:attachment":[{"href":"https:\/\/proiectproform.ro\/index.php\/wp-json\/wp\/v2\/media?parent=811"}],"curies":[{"name":"wp","href":"https:\/\/api.w.org\/{rel}","templated":true}]}}